{"id":1984,"date":"2025-08-29T18:22:09","date_gmt":"2025-08-29T15:22:09","guid":{"rendered":"https:\/\/hightech.ee\/?page_id=1984"},"modified":"2025-08-29T18:22:09","modified_gmt":"2025-08-29T15:22:09","slug":"hightech-payment-options","status":"publish","type":"page","link":"https:\/\/hightech.ee\/en\/hightech-payment-options\/","title":{"rendered":"Hightech Payment Options"},"content":{"rendered":"<section id=\"payment-table\"><strong>At Hightech you can pay via bank link, credit\/debit card, and mobile payments (Apple Pay, Google Pay).<\/strong><\/p>\n<table class=\"payment-table\" style=\"margin-top: 16px;\">\n<thead>\n<tr>\n<th>Payment Options<\/th>\n<th>Banks and Payment Providers<\/th>\n<\/tr>\n<\/thead>\n<tbody>\n<tr>\n<td>Bank Links \u2013 Estonia<\/td>\n<td>Swedbank, SEB, LHV, Luminor, Coop Pank, Citadele<\/td>\n<\/tr>\n<tr>\n<td>Bank Links \u2013 Latvia<\/td>\n<td>Swedbank, SEB, Luminor, Citadele<\/td>\n<\/tr>\n<tr>\n<td>Bank Links \u2013 Lithuania<\/td>\n<td>Swedbank, SEB, Luminor, Citadele, \u0160iauli\u0173 bankas<\/td>\n<\/tr>\n<tr>\n<td>Bank Links \u2013 Finland<\/td>\n<td>Nordea, Danske Bank, N26, Handelsbanken, Oma S\u00e4\u00e4st\u00f6pankki, POP Pankki, S\u00e4\u00e4st\u00f6pankki, \u00c5landsbanken, OP, S-Pankki<\/td>\n<\/tr>\n<tr>\n<td>Bank Links \u2013 Poland<\/td>\n<td>Alior Bank, Bank Pekao, Bank Pocztowy, PKO Bank Polski, BLIK, BNP Paribas, Cr\u00e9dit Agricole, ING, Inteligo, mBank, Bank Millennium, N26, Santander<\/td>\n<\/tr>\n<tr>\n<td>Cards<\/td>\n<td>Mastercard, Visa, Maestro, American Express<\/td>\n<\/tr>\n<tr>\n<td>Mobile Payments<\/td>\n<td>Apple Pay, Google Pay<\/td>\n<\/tr>\n<tr>\n<td>Digital Banks<\/td>\n<td>N26, Revolut<\/td>\n<\/tr>\n<\/tbody>\n<\/table>\n<\/section>\n<p><!-- Refund information --><\/p>\n<section id=\"refunds\">\n<h2>Refunds<\/h2>\n<p>If an order is cancelled and the payment was made by card (Mastercard, Visa, Maestro, American Express), the refund will usually reach the customer\u2019s account within 5\u201310 business days. Refunds for bank link payments are generally processed faster, depending on interbank procedures.<\/p>\n<\/section>\n","protected":false},"excerpt":{"rendered":"<p>At Hightech you can pay via bank link, credit\/debit card, and mobile payments (Apple Pay, Google Pay). Payment Options Banks and Payment Providers Bank Links \u2013 Estonia Swedbank, SEB, LHV, Luminor, Coop Pank, Citadele Bank Links \u2013 Latvia Swedbank, SEB, Luminor, Citadele Bank Links \u2013 Lithuania Swedbank, SEB, Luminor, Citadele, \u0160iauli\u0173 bankas Bank Links \u2013 [&#8230;]\n","protected":false},"author":2,"featured_media":0,"parent":0,"menu_order":0,"comment_status":"closed","ping_status":"closed","template":"","meta":{"_acf_changed":false,"footnotes":""},"class_list":["post-1984","page","type-page","status-publish","hentry"],"acf":[],"_links":{"self":[{"href":"https:\/\/hightech.ee\/en\/wp-json\/wp\/v2\/pages\/1984","targetHints":{"allow":["GET"]}}],"collection":[{"href":"https:\/\/hightech.ee\/en\/wp-json\/wp\/v2\/pages"}],"about":[{"href":"https:\/\/hightech.ee\/en\/wp-json\/wp\/v2\/types\/page"}],"author":[{"embeddable":true,"href":"https:\/\/hightech.ee\/en\/wp-json\/wp\/v2\/users\/2"}],"replies":[{"embeddable":true,"href":"https:\/\/hightech.ee\/en\/wp-json\/wp\/v2\/comments?post=1984"}],"version-history":[{"count":4,"href":"https:\/\/hightech.ee\/en\/wp-json\/wp\/v2\/pages\/1984\/revisions"}],"predecessor-version":[{"id":1988,"href":"https:\/\/hightech.ee\/en\/wp-json\/wp\/v2\/pages\/1984\/revisions\/1988"}],"wp:attachment":[{"href":"https:\/\/hightech.ee\/en\/wp-json\/wp\/v2\/media?parent=1984"}],"curies":[{"name":"wp","href":"https:\/\/api.w.org\/{rel}","templated":true}]}}